{"id":14304,"date":"2024-11-26T16:52:16","date_gmt":"2024-11-26T15:52:16","guid":{"rendered":"https:\/\/www.parthenoperooms.com\/contattaci\/"},"modified":"2026-01-27T11:24:36","modified_gmt":"2026-01-27T10:24:36","slug":"contactanos","status":"publish","type":"page","link":"https:\/\/www.parthenoperooms.com\/es\/contactanos\/","title":{"rendered":"Contactos"},"content":{"rendered":"\t\t<div data-elementor-type=\"wp-page\" data-elementor-id=\"14304\" class=\"elementor elementor-14304\">\n\t\t\t\t\t\t<div class=\" elementor-section  lazyelementorbackgroundimages elementor-top-section elementor-element elementor-element-571809c #CFA336 elementor-section-boxed elementor-section-height-default elementor-section-height-default\" data-id=\"571809c\" data-element_type=\"section\">\n\t\t\t\t\t\t<div class=\"elementor-container elementor-column-gap-no\">\n\t\t\t\t\t<div class=\"elementor-column elementor-col-33 elementor-top-column elementor-element elementor-element-80ca013\" data-id=\"80ca013\" data-element_type=\"column\" data-settings=\"{&quot;background_background&quot;:&quot;classic&quot;}\">\n\t\t\t<div class=\" elementor-widget-wrap lazyelementorbackgroundimages  elementor-element-populated\">\n\t\t\t\t\t\t<div class=\"elementor-element elementor-element-08d0bfb elementor-widget__width-initial gold-white-line animated-slow pakrco-modern-heading--style-01 elementor-invisible elementor-widget elementor-widget-pakrco-modern-heading\" data-id=\"08d0bfb\" data-element_type=\"widget\" data-settings=\"{&quot;_animation&quot;:&quot;fadeInLeft&quot;}\" data-widget_type=\"pakrco-modern-heading.default\">\n\t\t\t\t<div class=\"elementor-widget-container\">\n\t\t\t        <div class=\"pakrco-modern-heading\">\n                    <div class=\"heading-secondary-wrap\">\n            <h4 class=\"heading-secondary elementor-heading-title\">parthenope rooms<\/h4>        <\/div>\n        \n                    <div class=\"heading-primary-wrap\">\n            <h2 class=\"heading-primary elementor-heading-title\">donde estamos<\/h2>        <\/div>\n        \n                    <\/div>\n                <div class=\"heading-description-wrap\">\n            <div class=\"heading-description\">\n                <p>Ya sea un <strong>viaje de placer o de negocios<\/strong>, nuestro objetivo es ofrecer un <strong>servicio impecable<\/strong> y hacerte sentir como en casa, rodeado de la energ\u00eda de <strong>una de las ciudades m\u00e1s fascinantes e hist\u00f3ricamente ricas del mundo.<\/strong><\/p>            <\/div>\n        <\/div>\n                \t\t<\/div>\n\t\t\t\t<\/div>\n\t\t\t\t\t<\/div>\n\t\t<\/div>\n\t\t\t\t<div class=\"elementor-column elementor-col-33 elementor-top-column elementor-element elementor-element-2736135\" data-id=\"2736135\" data-element_type=\"column\" data-settings=\"{&quot;background_background&quot;:&quot;classic&quot;}\">\n\t\t\t<div class=\" elementor-widget-wrap lazyelementorbackgroundimages  elementor-element-populated\">\n\t\t\t\t\t\t<div class=\"elementor-element elementor-element-630a4a9 animated-slow elementor-invisible elementor-widget elementor-widget-heading\" data-id=\"630a4a9\" data-element_type=\"widget\" data-settings=\"{&quot;_animation&quot;:&quot;fadeInDown&quot;}\" data-widget_type=\"heading.default\">\n\t\t\t\t<div class=\"elementor-widget-container\">\n\t\t\t<h2 class=\"elementor-heading-title elementor-size-default\">DIRECCI\u00d3N<\/h2>\t\t<\/div>\n\t\t\t\t<\/div>\n\t\t\t\t<div class=\"elementor-element elementor-element-0b1b1a9 animated-slow elementor-invisible elementor-widget elementor-widget-text-editor\" data-id=\"0b1b1a9\" data-element_type=\"widget\" data-settings=\"{&quot;_animation&quot;:&quot;fadeInDown&quot;}\" data-widget_type=\"text-editor.default\">\n\t\t\t\t<div class=\"elementor-widget-container\">\n\t\t\t\t\t\t\t<p>Corso Giuseppe Garibaldi 106<br \/>Napoli<\/p>\t\t\t\t\t\t<\/div>\n\t\t\t\t<\/div>\n\t\t\t\t<div class=\"elementor-element elementor-element-156a54f animated-slow elementor-invisible elementor-widget elementor-widget-heading\" data-id=\"156a54f\" data-element_type=\"widget\" data-settings=\"{&quot;_animation&quot;:&quot;fadeInDown&quot;}\" data-widget_type=\"heading.default\">\n\t\t\t\t<div class=\"elementor-widget-container\">\n\t\t\t<h2 class=\"elementor-heading-title elementor-size-default\">Tel\u00e9fono<\/h2>\t\t<\/div>\n\t\t\t\t<\/div>\n\t\t\t\t<div class=\"elementor-element elementor-element-013e0c3 white-link animated-slow elementor-invisible elementor-widget elementor-widget-text-editor\" data-id=\"013e0c3\" data-element_type=\"widget\" data-settings=\"{&quot;_animation&quot;:&quot;fadeInDown&quot;}\" data-widget_type=\"text-editor.default\">\n\t\t\t\t<div class=\"elementor-widget-container\">\n\t\t\t\t\t\t\t<p><a href=\"tel:+393459249799\">+39 345 924 9799<\/a><\/p>\t\t\t\t\t\t<\/div>\n\t\t\t\t<\/div>\n\t\t\t\t\t<\/div>\n\t\t<\/div>\n\t\t\t\t<div class=\"elementor-column elementor-col-33 elementor-top-column elementor-element elementor-element-a91f957\" data-id=\"a91f957\" data-element_type=\"column\" data-settings=\"{&quot;background_background&quot;:&quot;classic&quot;}\">\n\t\t\t<div class=\" elementor-widget-wrap lazyelementorbackgroundimages  elementor-element-populated\">\n\t\t\t\t\t\t<div class=\"elementor-element elementor-element-ec77aa8 animated-slow elementor-invisible elementor-widget elementor-widget-heading\" data-id=\"ec77aa8\" data-element_type=\"widget\" data-settings=\"{&quot;_animation&quot;:&quot;fadeInRight&quot;}\" data-widget_type=\"heading.default\">\n\t\t\t\t<div class=\"elementor-widget-container\">\n\t\t\t<h2 class=\"elementor-heading-title elementor-size-default\">E-mail<\/h2>\t\t<\/div>\n\t\t\t\t<\/div>\n\t\t\t\t<div class=\"elementor-element elementor-element-c73ad70 white-link animated-slow elementor-invisible elementor-widget elementor-widget-text-editor\" data-id=\"c73ad70\" data-element_type=\"widget\" data-settings=\"{&quot;_animation&quot;:&quot;fadeInRight&quot;}\" data-widget_type=\"text-editor.default\">\n\t\t\t\t<div class=\"elementor-widget-container\">\n\t\t\t\t\t\t\t<p><a href=\"mailto:info@parthenoperooms.com\">info@parthenoperooms.com<\/a><\/p>\t\t\t\t\t\t<\/div>\n\t\t\t\t<\/div>\n\t\t\t\t<div class=\"elementor-element elementor-element-ff0619a animated-slow elementor-invisible elementor-widget elementor-widget-heading\" data-id=\"ff0619a\" data-element_type=\"widget\" data-settings=\"{&quot;_animation&quot;:&quot;fadeInRight&quot;}\" data-widget_type=\"heading.default\">\n\t\t\t\t<div class=\"elementor-widget-container\">\n\t\t\t<h2 class=\"elementor-heading-title elementor-size-default\">S\u00edguenos en...<\/h2>\t\t<\/div>\n\t\t\t\t<\/div>\n\t\t\t\t<div class=\"elementor-element elementor-element-b23ac91 e-grid-align-left animated-slow elementor-shape-rounded elementor-grid-0 elementor-invisible elementor-widget elementor-widget-social-icons\" data-id=\"b23ac91\" data-element_type=\"widget\" data-settings=\"{&quot;_animation&quot;:&quot;fadeInRight&quot;}\" data-widget_type=\"social-icons.default\">\n\t\t\t\t<div class=\"elementor-widget-container\">\n\t\t\t\t\t<div class=\"elementor-social-icons-wrapper elementor-grid\">\n\t\t\t\t\t\t\t<span class=\"elementor-grid-item\">\n\t\t\t\t\t<a class=\"elementor-icon elementor-social-icon elementor-social-icon-instagram elementor-repeater-item-4937421\" href=\"https:\/\/www.instagram.com\/parthenope_rooms_\/\" target=\"_blank\">\n\t\t\t\t\t\t<span class=\"elementor-screen-only\">Instagram<\/span>\n\t\t\t\t\t\t<svg class=\"e-font-icon-svg e-fab-instagram\" viewBox=\"0 0 448 512\" xmlns=\"http:\/\/www.w3.org\/2000\/svg\"><path d=\"M224.1 141c-63.6 0-114.9 51.3-114.9 114.9s51.3 114.9 114.9 114.9S339 319.5 339 255.9 287.7 141 224.1 141zm0 189.6c-41.1 0-74.7-33.5-74.7-74.7s33.5-74.7 74.7-74.7 74.7 33.5 74.7 74.7-33.6 74.7-74.7 74.7zm146.4-194.3c0 14.9-12 26.8-26.8 26.8-14.9 0-26.8-12-26.8-26.8s12-26.8 26.8-26.8 26.8 12 26.8 26.8zm76.1 27.2c-1.7-35.9-9.9-67.7-36.2-93.9-26.2-26.2-58-34.4-93.9-36.2-37-2.1-147.9-2.1-184.9 0-35.8 1.7-67.6 9.9-93.9 36.1s-34.4 58-36.2 93.9c-2.1 37-2.1 147.9 0 184.9 1.7 35.9 9.9 67.7 36.2 93.9s58 34.4 93.9 36.2c37 2.1 147.9 2.1 184.9 0 35.9-1.7 67.7-9.9 93.9-36.2 26.2-26.2 34.4-58 36.2-93.9 2.1-37 2.1-147.8 0-184.8zM398.8 388c-7.8 19.6-22.9 34.7-42.6 42.6-29.5 11.7-99.5 9-132.1 9s-102.7 2.6-132.1-9c-19.6-7.8-34.7-22.9-42.6-42.6-11.7-29.5-9-99.5-9-132.1s-2.6-102.7 9-132.1c7.8-19.6 22.9-34.7 42.6-42.6 29.5-11.7 99.5-9 132.1-9s102.7-2.6 132.1 9c19.6 7.8 34.7 22.9 42.6 42.6 11.7 29.5 9 99.5 9 132.1s2.7 102.7-9 132.1z\"><\/path><\/svg>\t\t\t\t\t<\/a>\n\t\t\t\t<\/span>\n\t\t\t\t\t<\/div>\n\t\t\t\t<\/div>\n\t\t\t\t<\/div>\n\t\t\t\t\t<\/div>\n\t\t<\/div>\n\t\t\t\t\t<\/div>\n\t\t<\/div>\n\t\t\t\t<div class=\" elementor-section  lazyelementorbackgroundimages elementor-top-section elementor-element elementor-element-81790e0 elementor-section-boxed elementor-section-height-default elementor-section-height-default\" data-id=\"81790e0\" data-element_type=\"section\">\n\t\t\t\t\t\t<div class=\"elementor-container elementor-column-gap-no\">\n\t\t\t\t\t<div class=\"elementor-column elementor-col-50 elementor-top-column elementor-element elementor-element-92dfb12 animated-slow elementor-invisible\" data-id=\"92dfb12\" data-element_type=\"column\" data-settings=\"{&quot;animation&quot;:&quot;fadeInLeft&quot;}\">\n\t\t\t<div class=\" elementor-widget-wrap lazyelementorbackgroundimages  elementor-element-populated\">\n\t\t\t\t\t\t<div class=\"elementor-element elementor-element-a214836 pakrco-modern-heading--style-01 elementor-widget elementor-widget-pakrco-modern-heading\" data-id=\"a214836\" data-element_type=\"widget\" data-widget_type=\"pakrco-modern-heading.default\">\n\t\t\t\t<div class=\"elementor-widget-container\">\n\t\t\t        <div class=\"pakrco-modern-heading\">\n                    <div class=\"heading-secondary-wrap\">\n            <h4 class=\"heading-secondary elementor-heading-title\">Escr\u00edbenos<\/h4>        <\/div>\n        \n                    <div class=\"heading-primary-wrap\">\n            <h2 class=\"heading-primary elementor-heading-title\">Solicitar informaci\u00f3n<\/h2>        <\/div>\n        \n                    <\/div>\n                <div class=\"heading-description-wrap\">\n            <div class=\"heading-description\">\n                <p>\u00a1Te esperamos para descubrir N\u00e1poles con nosotros!<\/p>            <\/div>\n        <\/div>\n                \t\t<\/div>\n\t\t\t\t<\/div>\n\t\t\t\t<div class=\"elementor-element elementor-element-10cb404 elementor-widget elementor-widget-pakrco-contactform\" data-id=\"10cb404\" data-element_type=\"widget\" data-widget_type=\"pakrco-contactform.default\">\n\t\t\t\t<div class=\"elementor-widget-container\">\n\t\t\t        <div class=\"elementor-form-wrapper\">\n\n            \n<div class=\"wpcf7 no-js\" id=\"wpcf7-f14301-o1\" lang=\"en-US\" dir=\"ltr\" data-wpcf7-id=\"14301\">\n<div class=\"screen-reader-response\"><p role=\"status\" aria-live=\"polite\" aria-atomic=\"true\"><\/p> <ul><\/ul><\/div>\n<form action=\"\/es\/wp-json\/wp\/v2\/pages\/14304#wpcf7-f14301-o1\" method=\"post\" class=\"wpcf7-form init\" aria-label=\"Contact form\" novalidate=\"novalidate\" data-status=\"init\">\n<fieldset class=\"hidden-fields-container\"><input type=\"hidden\" name=\"_wpcf7\" value=\"14301\" \/><input type=\"hidden\" name=\"_wpcf7_version\" value=\"6.1.5\" \/><input type=\"hidden\" name=\"_wpcf7_locale\" value=\"en_US\" \/><input type=\"hidden\" name=\"_wpcf7_unit_tag\" value=\"wpcf7-f14301-o1\" \/><input type=\"hidden\" name=\"_wpcf7_container_post\" value=\"0\" \/><input type=\"hidden\" name=\"_wpcf7_posted_data_hash\" value=\"\" \/><input type=\"hidden\" name=\"_wpcf7_recaptcha_response\" value=\"\" \/>\n<\/fieldset>\n<div class=\"form-col placeholder-shown\">\n\t<p><input size=\"40\" maxlength=\"400\" class=\"wpcf7-form-control wpcf7-text wpcf7-validates-as-required\" aria-required=\"true\" aria-invalid=\"false\" placeholder=\"Nombre y Apellidos *\" value=\"\" type=\"text\" name=\"your-name\" \/>\n\t<\/p>\n<\/div>\n<div class=\"form-col placeholder-shown\">\n\t<p><input size=\"40\" maxlength=\"400\" class=\"wpcf7-form-control wpcf7-email wpcf7-validates-as-required wpcf7-text wpcf7-validates-as-email\" aria-required=\"true\" aria-invalid=\"false\" placeholder=\"Direcci\u00f3n de correo electr\u00f3nico *\" value=\"\" type=\"email\" name=\"your-email\" \/>\n\t<\/p>\n<\/div>\n<div class=\"form-col placeholder-shown\">\n\t<p><textarea cols=\"10\" rows=\"4\" maxlength=\"2000\" class=\"wpcf7-form-control wpcf7-textarea\" id=\"contact-message\" aria-invalid=\"false\" placeholder=\"Texto del mensaje *\" name=\"message\"><\/textarea>\n\t<\/p>\n<\/div>\n<div class=\"form-col placeholder-shown\">\n\t<p><span class=\"wpcf7-form-control wpcf7-acceptance\"><span class=\"wpcf7-list-item\"><label><input type=\"checkbox\" name=\"privacy_policy\" value=\"1\" class=\"privacy_policy\" aria-invalid=\"false\" \/><span class=\"wpcf7-list-item-label\"><a href=\"https:\/\/www.parthenoperooms.com\/policy\/privacy_es.php\" class=\"policy\" target=\"_blank\">Doy mi consentimiento para el tratamiento de mis datos personales, de conformidad con el Reglamento Europeo n. 679\/2016<\/a><\/span><\/label><\/span><\/span>\n\t<\/p>\n<\/div>\n<div>\n\t<p><input class=\"wpcf7-form-control wpcf7-submit has-spinner\" type=\"submit\" value=\"enviar mensaje\" \/>\n\t<\/p>\n<\/div><div class=\"wpcf7-response-output\" aria-hidden=\"true\"><\/div>\n<\/form>\n<\/div>\n\n        <\/div>\n        \t\t<\/div>\n\t\t\t\t<\/div>\n\t\t\t\t\t<\/div>\n\t\t<\/div>\n\t\t\t\t<div class=\"elementor-column elementor-col-50 elementor-top-column elementor-element elementor-element-7e07ff9 animated-slow elementor-invisible\" data-id=\"7e07ff9\" data-element_type=\"column\" data-settings=\"{&quot;background_background&quot;:&quot;classic&quot;,&quot;animation&quot;:&quot;fadeIn&quot;}\">\n\t\t\t<div class=\" elementor-widget-wrap lazyelementorbackgroundimages \">\n\t\t\t\t\t\t\t<\/div>\n\t\t<\/div>\n\t\t\t\t\t<\/div>\n\t\t<\/div>\n\t\t\t\t<div class=\" elementor-section  lazyelementorbackgroundimages elementor-top-section elementor-element elementor-element-374596a elementor-section-full_width elementor-section-height-default elementor-section-height-default\" data-id=\"374596a\" data-element_type=\"section\" data-settings=\"{&quot;background_background&quot;:&quot;classic&quot;}\">\n\t\t\t\t\t\t<div class=\"elementor-container elementor-column-gap-no\">\n\t\t\t\t\t<div class=\"elementor-column elementor-col-100 elementor-top-column elementor-element elementor-element-b1b7e6d\" data-id=\"b1b7e6d\" data-element_type=\"column\">\n\t\t\t<div class=\" elementor-widget-wrap lazyelementorbackgroundimages  elementor-element-populated\">\n\t\t\t\t\t\t<div class=\"elementor-element elementor-element-42d00b5 animated-slow elementor-invisible elementor-widget elementor-widget-google_maps\" data-id=\"42d00b5\" data-element_type=\"widget\" data-settings=\"{&quot;_animation&quot;:&quot;fadeIn&quot;}\" data-widget_type=\"google_maps.default\">\n\t\t\t\t<div class=\"elementor-widget-container\">\n\t\t\t\t\t<div class=\"elementor-custom-embed\">\n\t\t\t<iframe loading=\"lazy\"\n\t\t\t\t\tsrc=\"https:\/\/maps.google.com\/maps?q=Corso%20Giuseppe%20Garibaldi%2C106%20Napoli&#038;t=m&#038;z=15&#038;output=embed&#038;iwloc=near\"\n\t\t\t\t\ttitle=\"Corso Giuseppe Garibaldi,106 Napoli\"\n\t\t\t\t\taria-label=\"Corso Giuseppe Garibaldi,106 Napoli\"\n\t\t\t><\/iframe>\n\t\t<\/div>\n\t\t\t\t<\/div>\n\t\t\t\t<\/div>\n\t\t\t\t\t<\/div>\n\t\t<\/div>\n\t\t\t\t\t<\/div>\n\t\t<\/div>\n\t\t\t\t<\/div>\n\t\t","protected":false},"excerpt":{"rendered":"<p>parthenope rooms donde estamos Ya sea un viaje de placer o de negocios, nuestro objetivo es ofrecer un servicio impecable y hacerte sentir como en casa, rodeado de la energ\u00eda de una de las ciudades m\u00e1s fascinantes e hist\u00f3ricamente ricas del mundo. DIRECCI\u00d3N Corso Giuseppe Garibaldi 106Napoli Tel\u00e9fono +39 345 924 9799 E-mail info@parthenoperooms.com S\u00edguenos [&hellip;]<\/p>\n","protected":false},"author":1,"featured_media":0,"parent":0,"menu_order":0,"comment_status":"closed","ping_status":"closed","template":"elementor_header_footer","meta":{"inline_featured_image":false,"footnotes":""},"class_list":["post-14304","page","type-page","status-publish","hentry"],"yoast_head":"<!-- This site is optimized with the Yoast SEO plugin v27.5 - https:\/\/yoast.com\/product\/yoast-seo-wordpress\/ -->\n<title>Contactos - Partenope Rooms<\/title>\n<meta name=\"description\" content=\"Ya sea un viaje de placer o de negocios, nuestro objetivo es ofrecer un servicio impecable y hacerte sentir como en casa, rodeado de la energ\u00eda de una de las ciudades m\u00e1s fascinantes e hist\u00f3ricamente ricas del mundo.\" \/>\n<meta name=\"robots\" content=\"index, follow, max-snippet:-1, max-image-preview:large, max-video-preview:-1\" \/>\n<link rel=\"canonical\" href=\"https:\/\/www.parthenoperooms.com\/contattaci\/\" \/>\n<meta property=\"og:locale\" content=\"es_ES\" \/>\n<meta property=\"og:type\" content=\"article\" \/>\n<meta property=\"og:title\" content=\"Contactos - Partenope Rooms\" \/>\n<meta property=\"og:description\" content=\"Ya sea un viaje de placer o de negocios, nuestro objetivo es ofrecer un servicio impecable y hacerte sentir como en casa, rodeado de la energ\u00eda de una de las ciudades m\u00e1s fascinantes e hist\u00f3ricamente ricas del mundo.\" \/>\n<meta property=\"og:url\" content=\"https:\/\/www.parthenoperooms.com\/contattaci\/\" \/>\n<meta property=\"og:site_name\" content=\"Parthenope Rooms\" \/>\n<meta property=\"article:modified_time\" content=\"2026-01-27T10:24:36+00:00\" \/>\n<meta name=\"twitter:card\" content=\"summary_large_image\" \/>\n<meta name=\"twitter:label1\" content=\"Tiempo de lectura\" \/>\n\t<meta name=\"twitter:data1\" content=\"1 minuto\" \/>\n<script type=\"application\/ld+json\" class=\"yoast-schema-graph\">{\"@context\":\"https:\\\/\\\/schema.org\",\"@graph\":[{\"@type\":\"WebPage\",\"@id\":\"https:\\\/\\\/www.parthenoperooms.com\\\/contattaci\\\/\",\"url\":\"https:\\\/\\\/www.parthenoperooms.com\\\/contattaci\\\/\",\"name\":\"Contactos - Partenope Rooms\",\"isPartOf\":{\"@id\":\"https:\\\/\\\/www.parthenoperooms.com\\\/#website\"},\"datePublished\":\"2024-11-26T15:52:16+00:00\",\"dateModified\":\"2026-01-27T10:24:36+00:00\",\"description\":\"Ya sea un viaje de placer o de negocios, nuestro objetivo es ofrecer un servicio impecable y hacerte sentir como en casa, rodeado de la energ\u00eda de una de las ciudades m\u00e1s fascinantes e hist\u00f3ricamente ricas del mundo.\",\"breadcrumb\":{\"@id\":\"https:\\\/\\\/www.parthenoperooms.com\\\/contattaci\\\/#breadcrumb\"},\"inLanguage\":\"es\",\"potentialAction\":[{\"@type\":\"ReadAction\",\"target\":[\"https:\\\/\\\/www.parthenoperooms.com\\\/contattaci\\\/\"]}]},{\"@type\":\"BreadcrumbList\",\"@id\":\"https:\\\/\\\/www.parthenoperooms.com\\\/contattaci\\\/#breadcrumb\",\"itemListElement\":[{\"@type\":\"ListItem\",\"position\":1,\"name\":\"Home\",\"item\":\"https:\\\/\\\/www.parthenoperooms.com\\\/fr\\\/\"},{\"@type\":\"ListItem\",\"position\":2,\"name\":\"Contactos\"}]},{\"@type\":\"WebSite\",\"@id\":\"https:\\\/\\\/www.parthenoperooms.com\\\/#website\",\"url\":\"https:\\\/\\\/www.parthenoperooms.com\\\/\",\"name\":\"Parthenope Rooms\",\"description\":\"\",\"publisher\":{\"@id\":\"https:\\\/\\\/www.parthenoperooms.com\\\/#organization\"},\"potentialAction\":[{\"@type\":\"SearchAction\",\"target\":{\"@type\":\"EntryPoint\",\"urlTemplate\":\"https:\\\/\\\/www.parthenoperooms.com\\\/?s={search_term_string}\"},\"query-input\":{\"@type\":\"PropertyValueSpecification\",\"valueRequired\":true,\"valueName\":\"search_term_string\"}}],\"inLanguage\":\"es\"},{\"@type\":\"Organization\",\"@id\":\"https:\\\/\\\/www.parthenoperooms.com\\\/#organization\",\"name\":\"Parthenope Rooms\",\"url\":\"https:\\\/\\\/www.parthenoperooms.com\\\/\",\"logo\":{\"@type\":\"ImageObject\",\"inLanguage\":\"es\",\"@id\":\"https:\\\/\\\/www.parthenoperooms.com\\\/#\\\/schema\\\/logo\\\/image\\\/\",\"url\":\"https:\\\/\\\/www.parthenoperooms.com\\\/wp-cntnt\\\/uplds\\\/2024\\\/11\\\/parthenope-rooms-logo-bianco.png\",\"contentUrl\":\"https:\\\/\\\/www.parthenoperooms.com\\\/wp-cntnt\\\/uplds\\\/2024\\\/11\\\/parthenope-rooms-logo-bianco.png\",\"width\":200,\"height\":203,\"caption\":\"Parthenope Rooms\"},\"image\":{\"@id\":\"https:\\\/\\\/www.parthenoperooms.com\\\/#\\\/schema\\\/logo\\\/image\\\/\"}}]}<\/script>\n<!-- \/ Yoast SEO plugin. -->","yoast_head_json":{"title":"Contactos - Partenope Rooms","description":"Ya sea un viaje de placer o de negocios, nuestro objetivo es ofrecer un servicio impecable y hacerte sentir como en casa, rodeado de la energ\u00eda de una de las ciudades m\u00e1s fascinantes e hist\u00f3ricamente ricas del mundo.","robots":{"index":"index","follow":"follow","max-snippet":"max-snippet:-1","max-image-preview":"max-image-preview:large","max-video-preview":"max-video-preview:-1"},"canonical":"https:\/\/www.parthenoperooms.com\/contattaci\/","og_locale":"es_ES","og_type":"article","og_title":"Contactos - Partenope Rooms","og_description":"Ya sea un viaje de placer o de negocios, nuestro objetivo es ofrecer un servicio impecable y hacerte sentir como en casa, rodeado de la energ\u00eda de una de las ciudades m\u00e1s fascinantes e hist\u00f3ricamente ricas del mundo.","og_url":"https:\/\/www.parthenoperooms.com\/contattaci\/","og_site_name":"Parthenope Rooms","article_modified_time":"2026-01-27T10:24:36+00:00","twitter_card":"summary_large_image","twitter_misc":{"Tiempo de lectura":"1 minuto"},"schema":{"@context":"https:\/\/schema.org","@graph":[{"@type":"WebPage","@id":"https:\/\/www.parthenoperooms.com\/contattaci\/","url":"https:\/\/www.parthenoperooms.com\/contattaci\/","name":"Contactos - Partenope Rooms","isPartOf":{"@id":"https:\/\/www.parthenoperooms.com\/#website"},"datePublished":"2024-11-26T15:52:16+00:00","dateModified":"2026-01-27T10:24:36+00:00","description":"Ya sea un viaje de placer o de negocios, nuestro objetivo es ofrecer un servicio impecable y hacerte sentir como en casa, rodeado de la energ\u00eda de una de las ciudades m\u00e1s fascinantes e hist\u00f3ricamente ricas del mundo.","breadcrumb":{"@id":"https:\/\/www.parthenoperooms.com\/contattaci\/#breadcrumb"},"inLanguage":"es","potentialAction":[{"@type":"ReadAction","target":["https:\/\/www.parthenoperooms.com\/contattaci\/"]}]},{"@type":"BreadcrumbList","@id":"https:\/\/www.parthenoperooms.com\/contattaci\/#breadcrumb","itemListElement":[{"@type":"ListItem","position":1,"name":"Home","item":"https:\/\/www.parthenoperooms.com\/fr\/"},{"@type":"ListItem","position":2,"name":"Contactos"}]},{"@type":"WebSite","@id":"https:\/\/www.parthenoperooms.com\/#website","url":"https:\/\/www.parthenoperooms.com\/","name":"Parthenope Rooms","description":"","publisher":{"@id":"https:\/\/www.parthenoperooms.com\/#organization"},"potentialAction":[{"@type":"SearchAction","target":{"@type":"EntryPoint","urlTemplate":"https:\/\/www.parthenoperooms.com\/?s={search_term_string}"},"query-input":{"@type":"PropertyValueSpecification","valueRequired":true,"valueName":"search_term_string"}}],"inLanguage":"es"},{"@type":"Organization","@id":"https:\/\/www.parthenoperooms.com\/#organization","name":"Parthenope Rooms","url":"https:\/\/www.parthenoperooms.com\/","logo":{"@type":"ImageObject","inLanguage":"es","@id":"https:\/\/www.parthenoperooms.com\/#\/schema\/logo\/image\/","url":"https:\/\/www.parthenoperooms.com\/wp-cntnt\/uplds\/2024\/11\/parthenope-rooms-logo-bianco.png","contentUrl":"https:\/\/www.parthenoperooms.com\/wp-cntnt\/uplds\/2024\/11\/parthenope-rooms-logo-bianco.png","width":200,"height":203,"caption":"Parthenope Rooms"},"image":{"@id":"https:\/\/www.parthenoperooms.com\/#\/schema\/logo\/image\/"}}]}},"_links":{"self":[{"href":"https:\/\/www.parthenoperooms.com\/es\/wp-json\/wp\/v2\/pages\/14304","targetHints":{"allow":["GET"]}}],"collection":[{"href":"https:\/\/www.parthenoperooms.com\/es\/wp-json\/wp\/v2\/pages"}],"about":[{"href":"https:\/\/www.parthenoperooms.com\/es\/wp-json\/wp\/v2\/types\/page"}],"author":[{"embeddable":true,"href":"https:\/\/www.parthenoperooms.com\/es\/wp-json\/wp\/v2\/users\/1"}],"replies":[{"embeddable":true,"href":"https:\/\/www.parthenoperooms.com\/es\/wp-json\/wp\/v2\/comments?post=14304"}],"version-history":[{"count":13,"href":"https:\/\/www.parthenoperooms.com\/es\/wp-json\/wp\/v2\/pages\/14304\/revisions"}],"predecessor-version":[{"id":14751,"href":"https:\/\/www.parthenoperooms.com\/es\/wp-json\/wp\/v2\/pages\/14304\/revisions\/14751"}],"wp:attachment":[{"href":"https:\/\/www.parthenoperooms.com\/es\/wp-json\/wp\/v2\/media?parent=14304"}],"curies":[{"name":"wp","href":"https:\/\/api.w.org\/{rel}","templated":true}]}}